{"id":807,"date":"2020-11-03T12:10:16","date_gmt":"2020-11-03T11:10:16","guid":{"rendered":"http:\/\/www.echange-afrique-insa.fr\/?page_id=807"},"modified":"2026-04-21T15:42:58","modified_gmt":"2026-04-21T14:42:58","slug":"projet-2017","status":"publish","type":"page","link":"https:\/\/www.echange-afrique-insa.fr\/index.php\/projet-2017\/","title":{"rendered":"Projet 2017"},"content":{"rendered":"<!-- Frise chronologique \u2013 \u00c9change Afrique INSA -->\n<style>\n.eai-frise * { box-sizing: border-box; }\n.eai-frise {\n  font-family: -apple-system, BlinkMacSystemFont, 'Segoe UI', Roboto, Oxygen, Ubuntu, sans-serif;\n  max-width: 1100px;\n  margin: 2rem auto;\n  padding: 1rem 1.25rem;\n}\n.eai-frise-track {\n  position: relative;\n  display: flex;\n  justify-content: space-between;\n  align-items: center;\n  padding: 1rem 0.5rem 1.5rem;\n  gap: 0.25rem;\n}\n.eai-frise-track::before {\n  content: \"\";\n  position: absolute;\n  top: calc(1rem + 30px);\n  left: 5%;\n  right: 5%;\n  height: 3px;\n  background: linear-gradient(90deg, #FB923C, #EA580C, #B45309);\n  border-radius: 2px;\n  z-index: 0;\n}\n.eai-frise-year {\n  position: relative;\n  z-index: 1;\n  text-decoration: none !important;\n  display: flex;\n  flex-direction: column;\n  align-items: center;\n  gap: 0.5rem;\n  transition: transform 0.25s ease;\n  flex: 1;\n  min-width: 0;\n}\n.eai-frise-year:hover { transform: translateY(-6px); }\n.eai-frise-dot {\n  width: 60px;\n  height: 60px;\n  border-radius: 50%;\n  background: #FFFFFF;\n  border: 3px solid #EA580C;\n  display: flex;\n  align-items: center;\n  justify-content: center;\n  font-weight: 700;\n  color: #7C2D12;\n  font-size: 0.95rem;\n  box-shadow: 0 3px 10px rgba(234, 88, 12, 0.2);\n  transition: all 0.25s ease;\n}\n.eai-frise-year:hover .eai-frise-dot {\n  background: #EA580C;\n  color: #FFFFFF;\n  border-color: #7C2D12;\n  box-shadow: 0 6px 16px rgba(234, 88, 12, 0.4);\n}\n.eai-frise-label {\n  font-size: 0.8rem;\n  color: #78716C;\n  font-weight: 500;\n  text-align: center;\n  opacity: 0;\n  transform: translateY(-4px);\n  transition: all 0.25s ease;\n}\n.eai-frise-year:hover .eai-frise-label {\n  opacity: 1;\n  color: #7C2D12;\n  transform: translateY(0);\n}\n@media (max-width: 720px) {\n  .eai-frise { padding: 1rem; }\n  .eai-frise-track {\n    flex-direction: column;\n    padding: 1rem;\n    gap: 1.25rem;\n  }\n  .eai-frise-track::before {\n    left: 50%;\n    top: 2rem;\n    bottom: 2rem;\n    right: auto;\n    width: 3px;\n    height: auto;\n    background: linear-gradient(180deg, #FB923C, #EA580C, #B45309);\n    transform: translateX(-50%);\n  }\n  .eai-frise-year {\n    flex-direction: row;\n    gap: 1rem;\n    width: 100%;\n    justify-content: flex-start;\n    padding-left: 30%;\n  }\n  .eai-frise-label { opacity: 1; transform: none; }\n}\n<\/style>\n\n<div class=\"eai-frise\">\n  <div class=\"eai-frise-track\">\n    <a class=\"eai-frise-year\" href=\"\/index.php\/projet-2017\/\"><div class=\"eai-frise-dot\">2017<\/div><span class=\"eai-frise-label\">Voir \u2192<\/span><\/a>\n    <a class=\"eai-frise-year\" href=\"\/index.php\/projet-2018\/\"><div class=\"eai-frise-dot\">2018<\/div><span class=\"eai-frise-label\">Voir \u2192<\/span><\/a>\n    <a class=\"eai-frise-year\" href=\"\/index.php\/projet-2019\/\"><div class=\"eai-frise-dot\">2019<\/div><span class=\"eai-frise-label\">Voir \u2192<\/span><\/a>\n    <a class=\"eai-frise-year\" href=\"\/index.php\/projet-2020\/\"><div class=\"eai-frise-dot\">2020<\/div><span class=\"eai-frise-label\">Voir \u2192<\/span><\/a>\n    <a class=\"eai-frise-year\" href=\"\/index.php\/projet-2021\/\"><div class=\"eai-frise-dot\">2021<\/div><span class=\"eai-frise-label\">Voir \u2192<\/span><\/a>\n    <a class=\"eai-frise-year\" href=\"\/index.php\/projet-2022\/\"><div class=\"eai-frise-dot\">2022<\/div><span class=\"eai-frise-label\">Voir \u2192<\/span><\/a>\n    <a class=\"eai-frise-year\" href=\"\/index.php\/projet-2023\/\"><div class=\"eai-frise-dot\">2023<\/div><span class=\"eai-frise-label\">Voir \u2192<\/span><\/a>\n    <a class=\"eai-frise-year\" href=\"\/index.php\/projet-2024\/\"><div class=\"eai-frise-dot\">2024<\/div><span class=\"eai-frise-label\">Voir \u2192<\/span><\/a>\n    <a class=\"eai-frise-year\" href=\"\/index.php\/projet-2025\/\"><div class=\"eai-frise-dot\">2025<\/div><span class=\"eai-frise-label\">Voir \u2192<\/span><\/a>\n  <\/div>\n<\/div>\n\n<h1 class=\"about_header\"> <span style=\"color: black\">Pr\u00e9sentation 2017<\/span><\/h1>\n\n\n<div class=\"wp-block-columns is-layout-flex wp-container-core-columns-is-layout-28f84493 wp-block-columns-is-layout-flex\">\n<div class=\"wp-block-column is-layout-flow wp-block-column-is-layout-flow\">\n<div class=\"video-wrapper\">\n<div class=\"video-container\"><iframe loading=\"lazy\" src=\"https:\/\/www.youtube.com\/embed\/bhfzVCbSqv8\" width=\"901\" height=\"507\" frameborder=\"0\" allowfullscreen=\"allowfullscreen\"><\/iframe><\/div>\n<\/div>\n<\/div>\n\n\n\n<div class=\"wp-block-column is-layout-flow wp-block-column-is-layout-flow\">\n<div class=\"video-wrapper\">\n<div class=\"video-container\"><iframe loading=\"lazy\" src=\"https:\/\/www.youtube.com\/embed\/u6JSzIL401g\" width=\"901\" height=\"507\" frameborder=\"0\" allowfullscreen=\"allowfullscreen\"><\/iframe><\/div>\n<\/div>\n<\/div>\n<\/div>\n\n\n<div class=\"trombi\">\n\t<div align=\"center\">Pr\u00e9sentation des membres de l\u2019\u00e9quipe de l\u2019EAI 2018:<\/div>\n\t<style type=\"text\/css\">.clicface-trombi-cellule {width: 150px; background-image: -webkit-gradient(linear, 0% 0%, 0% 100%, from(), to()); border: 1px solid #ffffff !important; border-radius: 10px;}<\/style>\n\t<table class=\"clicface-trombi-table\">\n\t\t<tr>\n\t\t\t<td class=\"clicface-trombi-cellule\">\n\t\t\t\t<div class=\"clicface-trombi-vignette\">\n\t\t\t\t\t<div class=\"piklist-label-container\">\n\t\t\t\t\t\t<img loading=\"lazy\" decoding=\"async\" width=\"150\" height=\"150\" src=\"https:\/\/www.echange-afrique-insa.fr\/wp-content\/uploads\/2016\/11\/TO.jpg\" class=\"attachment-thumbnail size-thumbnail\" alt=\"DSC_00621\"\/>\n\t\t\t\t\t<\/div>\n\t\t\t\t\t<div>\n\t\t\t\t\t\t<div class=\"clicface-trombi-person-name\">Th\u00e9o MAHE<\/div>\n\t\t\t\t\t\t<div class=\"clicface-trombi-person-function\">Co-pr\u00e9sident<\/div>\n\t\t\t\t\t\t<div class=\"clicface-trombi-person-service\"\/>\n\t\t\t\t\t<\/div>\n\t\t\t\t<\/div>\n\t\t\t<\/td>\n\t\t\t<td class=\"clicface-trombi-cellule\">\n\t\t\t\t<div class=\"clicface-trombi-vignette\">\n\t\t\t\t\t<div class=\"piklist-label-container\">\n\t\t\t\t\t\t<img loading=\"lazy\" decoding=\"async\" width=\"150\" height=\"150\" src=\"https:\/\/www.echange-afrique-insa.fr\/wp-content\/uploads\/2016\/11\/popo.jpg\" class=\"attachment-thumbnail size-thumbnail\" alt=\"DSC_00631\"\/>\n\t\t\t\t\t<\/div>\n\t\t\t\t\t<div>\n\t\t\t\t\t\t<div class=\"clicface-trombi-person-name\">Paulin CHABOT<\/div>\n\t\t\t\t\t\t<div class=\"clicface-trombi-person-function\">Co-pr\u00e9sident<\/div>\n\t\t\t\t\t\t<div class=\"clicface-trombi-person-service\"\/>\n\t\t\t\t\t<\/div>\n\t\t\t\t<\/div>\n\t\t\t<\/td>\n\t\t\t<td class=\"clicface-trombi-cellule\">\n\t\t\t\t<div class=\"clicface-trombi-vignette\">\n\t\t\t\t\t<div class=\"piklist-label-container\">\n\t\t\t\t\t\t<img loading=\"lazy\" decoding=\"async\" width=\"150\" height=\"150\" src=\"https:\/\/www.echange-afrique-insa.fr\/wp-content\/uploads\/2016\/11\/juju.jpg\" class=\"attachment-thumbnail size-thumbnail\" alt=\"DSC_00341\"\/>\n\t\t\t\t\t<\/div>\n\t\t\t\t\t<div>\n\t\t\t\t\t\t<div class=\"clicface-trombi-person-name\">Juliette CUBAUD-MACHEREY<\/div>\n\t\t\t\t\t\t<div class=\"clicface-trombi-person-function\">Communication<\/div>\n\t\t\t\t\t\t<div class=\"clicface-trombi-person-service\"\/>\n\t\t\t\t\t<\/div>\n\t\t\t\t<\/div>\n\t\t\t<\/td>\n\t\t\t<td class=\"clicface-trombi-cellule\">\n\t\t\t\t<div class=\"clicface-trombi-vignette\">\n\t\t\t\t\t<div class=\"piklist-label-container\">\n\t\t\t\t\t\t<img loading=\"lazy\" decoding=\"async\" width=\"150\" height=\"150\" src=\"https:\/\/www.echange-afrique-insa.fr\/wp-content\/uploads\/2016\/11\/vico.jpg\" class=\"attachment-thumbnail size-thumbnail\" alt=\"IM_00361\"\/>\n\t\t\t\t\t<\/div>\n\t\t\t\t\t<div>\n\t\t\t\t\t\t<div class=\"clicface-trombi-person-name\">Victor GUICHAOUA<\/div>\n\t\t\t\t\t\t<div class=\"clicface-trombi-person-function\">Responsable voyage<\/div>\n\t\t\t\t\t\t<div class=\"clicface-trombi-person-service\"\/>\n\t\t\t\t\t<\/div>\n\t\t\t\t<\/div>\n\t\t\t<\/td>\n\t\t\t<td class=\"clicface-trombi-cellule\">\n\t\t\t\t<div class=\"clicface-trombi-vignette\">\n\t\t\t\t\t<div class=\"piklist-label-container\">\n\t\t\t\t\t\t<img loading=\"lazy\" decoding=\"async\" width=\"150\" height=\"150\" src=\"https:\/\/www.echange-afrique-insa.fr\/wp-content\/uploads\/2016\/11\/cc-1.jpg\" class=\"attachment-thumbnail size-thumbnail\" alt=\"DSC_00471\" \/>\n\t\t\t\t\t<\/div>\n\t\t\t\t\t<div>\n\t\t\t\t\t\t<div class=\"clicface-trombi-person-name\">C\u00e9cile CROLARD<\/div>\n\t\t\t\t\t\t<div class=\"clicface-trombi-person-function\">Tr\u00e9sori\u00e8re<\/div>\n\t\t\t\t\t\t<div class=\"clicface-trombi-person-service\"\/>\n\t\t\t\t\t<\/div>\n\t\t\t\t<\/div>\n\t\t\t<\/td>\n\t\t\t<td class=\"clicface-trombi-cellule\">\n\t\t\t\t<div class=\"clicface-trombi-vignette\">\n\t\t\t\t\t<div class=\"piklist-label-container\">\n\t\t\t\t\t\t<img loading=\"lazy\" decoding=\"async\" width=\"150\" height=\"150\" src=\"https:\/\/www.echange-afrique-insa.fr\/wp-content\/uploads\/2016\/11\/tristan.jpg\" class=\"attachment-thumbnail size-thumbnail\" alt=\"IM_00851\"\/>\n\t\t\t\t\t<\/div>\n\t\t\t\t\t<div>\n\t\t\t\t\t\t<div class=\"clicface-trombi-person-name\">Tristan GOUIN<\/div>\n\t\t\t\t\t\t<div class=\"clicface-trombi-person-function\">Tr\u00e9sorier<\/div>\n\t\t\t\t\t\t<div class=\"clicface-trombi-person-service\"\/>\n\t\t\t\t\t<\/div>\n\t\t\t\t<\/div>\n\t\t\t<\/td>\n\t\t<\/tr>\n\t\t<tr>\n\t\t\t<td class=\"clicface-trombi-cellule\">\n\t\t\t\t<div class=\"clicface-trombi-vignette\">\n\t\t\t\t\t<div class=\"piklist-label-container\">\n\t\t\t\t\t\t<img loading=\"lazy\" decoding=\"async\" width=\"150\" height=\"150\" src=\"https:\/\/www.echange-afrique-insa.fr\/wp-content\/uploads\/2016\/11\/titi.jpg\" class=\"attachment-thumbnail size-thumbnail\" alt=\"IM_00801\"\/>\n\t\t\t\t\t<\/div>\n\t\t\t\t\t<div>\n\t\t\t\t\t\t<div class=\"clicface-trombi-person-name\">Thibault VUILLEMIN<\/div>\n\t\t\t\t\t\t<div class=\"clicface-trombi-person-function\">Subventions<\/div>\n\t\t\t\t\t\t<div class=\"clicface-trombi-person-service\"\/>\n\t\t\t\t\t<\/div>\n\t\t\t\t<\/div>\n\t\t\t<\/td>\n\t\t\t<td class=\"clicface-trombi-cellule\">\n\t\t\t\t<div class=\"clicface-trombi-vignette\">\n\t\t\t\t\t<div class=\"piklist-label-container\">\n\t\t\t\t\t\t<img loading=\"lazy\" decoding=\"async\" width=\"150\" height=\"150\" src=\"https:\/\/www.echange-afrique-insa.fr\/wp-content\/uploads\/2016\/11\/caca.jpg\" class=\"attachment-thumbnail size-thumbnail\" alt=\"DSC_00711\"\/>\n\t\t\t\t\t<\/div>\n\t\t\t\t\t<div>\n\t\t\t\t\t\t<div class=\"clicface-trombi-person-name\">Camille HUBERT <\/div>\n\t\t\t\t\t\t<div class=\"clicface-trombi-person-function\">Subventions<\/div>\n\t\t\t\t\t\t<div class=\"clicface-trombi-person-service\"\/>\n\t\t\t\t\t<\/div>\n\t\t\t\t<\/div>\n\t\t\t<\/td>\n\t\t\t<td class=\"clicface-trombi-cellule\">\n\t\t\t\t<div class=\"clicface-trombi-vignette\">\n\t\t\t\t\t<div class=\"piklist-label-container\">\n\t\t\t\t\t\t<img loading=\"lazy\" decoding=\"async\" width=\"150\" height=\"150\" src=\"https:\/\/www.echange-afrique-insa.fr\/wp-content\/uploads\/2016\/11\/momo.jpg\" class=\"attachment-thumbnail size-thumbnail\" alt=\"98_00571\"\/>\n\t\t\t\t\t<\/div>\n\t\t\t\t\t<div>\n\t\t\t\t\t\t<div class=\"clicface-trombi-person-name\">Morgane CAM<\/div>\n\t\t\t\t\t\t<div class=\"clicface-trombi-person-function\">Subventions<\/div>\n\t\t\t\t\t\t<div class=\"clicface-trombi-person-service\"\/>\n\t\t\t\t\t<\/div>\n\t\t\t\t<\/div>\n\t\t\t<\/td>\n\t\t\t<td class=\"clicface-trombi-cellule\">\n\t\t\t\t<div class=\"clicface-trombi-vignette\">\n\t\t\t\t\t<div class=\"piklist-label-container\">\n\t\t\t\t\t\t<img loading=\"lazy\" decoding=\"async\" width=\"150\" height=\"150\" src=\"https:\/\/www.echange-afrique-insa.fr\/wp-content\/uploads\/2016\/11\/mari.jpg\" class=\"attachment-thumbnail size-thumbnail\" alt=\"IM_00691\"\/>\n\t\t\t\t\t<\/div>\n\t\t\t\t\t<div>\n\t\t\t\t\t\t<div class=\"clicface-trombi-person-name\">Marie-Gabrielle TAUSSAT<\/div>\n\t\t\t\t\t\t<div class=\"clicface-trombi-person-function\">Subventions<\/div>\n\t\t\t\t\t\t<div class=\"clicface-trombi-person-service\"\/>\n\t\t\t\t\t<\/div>\n\t\t\t\t<\/div>\n\t\t\t<\/td>\n\t\t\t<td class=\"clicface-trombi-cellule\">\n\t\t\t\t<div class=\"clicface-trombi-vignette\">\n\t\t\t\t\t<div class=\"piklist-label-container\">\n\t\t\t\t\t\t<img loading=\"lazy\" decoding=\"async\" width=\"150\" height=\"150\" src=\"https:\/\/www.echange-afrique-insa.fr\/wp-content\/uploads\/2016\/11\/polo.jpg\" class=\"attachment-thumbnail size-thumbnail\" alt=\"DSC_00781\"\/>\n\t\t\t\t\t<\/div>\n\t\t\t\t\t<div>\n\t\t\t\t\t\t<div class=\"clicface-trombi-person-name\">Paul SOMMERARD<\/div>\n\t\t\t\t\t\t<div class=\"clicface-trombi-person-function\">\u00c9v\u00e8nements<\/div>\n\t\t\t\t\t\t<div class=\"clicface-trombi-person-service\"\/>\n\t\t\t\t\t<\/div>\n\t\t\t\t<\/div>\n\t\t\t<\/td>\n\t\t\t<td class=\"clicface-trombi-cellule\">\n\t\t\t\t<div class=\"clicface-trombi-vignette\">\n\t\t\t\t\t<div class=\"piklist-label-container\">\n\t\t\t\t\t\t<img loading=\"lazy\" decoding=\"async\" width=\"150\" height=\"150\" src=\"https:\/\/www.echange-afrique-insa.fr\/wp-content\/uploads\/2016\/11\/clara.jpg\" class=\"attachment-thumbnail size-thumbnail\" alt=\"IM_00751\"\/>\n\t\t\t\t\t<\/div>\n\t\t\t\t\t<div>\n\t\t\t\t\t\t<div class=\"clicface-trombi-person-name\">Clara COLINEAUX<\/div>\n\t\t\t\t\t\t<div class=\"clicface-trombi-person-function\">\u00c9v\u00e8nements<\/div>\n\t\t\t\t\t\t<div class=\"clicface-trombi-person-service\"\/>\n\t\t\t\t\t<\/div>\n\t\t\t\t<\/div>\n\t\t\t<\/td>\n\t\t<\/tr>\n\t<\/table>\n<\/div>\n\n\n<div id=\"projet\">\n<div class=\"contenu\">\n<div align=\"center\">\n<span class=\"about_pre\">\u00c0 propos du\u2026<\/span>\n<h1 class=\"about_header\"><font color=\"black\">PROJET<\/font><\/h1>\n\n<div class=\"optimizer_divider\"><font color=\"black\"><span class=\"div_left\"><\/span><span class=\"div_middle\"><i class=\"fa fa-stop\"><\/i><\/span><span class=\"div_right\"><\/span><\/font><\/div>\n<div style=\"text-indent: 40px\">\n<div align=\"justify\">Cette ann\u00e9e, le projet est de construire trois salles de classe dans le village d\u2019Assahoun situ\u00e9 dans la pr\u00e9fecture de l\u2019Av\u00e9, \u00e0 50km de Lom\u00e9, la capitale du Togo. Au Togo, dans la pr\u00e9fecture de l\u2019Av\u00e9 et plus pr\u00e9cis\u00e9ment dans l\u2019\u00e9cole primaire d\u2019Assahoun, une zone o\u00f9 la croissance d\u00e9mographique est importante, se manifeste la n\u00e9cessit\u00e9 de construire de nouvelles infrastructures pouvant accueillir ces nouveaux enfants en \u00e2ge de se scolariser. La suppression des frais d\u2019inscription pour les \u00e9coles primaires publiques prise par le gouvernement togolais en 2008 a augment\u00e9 consid\u00e9rablement les effectifs dans les \u00e9coles primaire. Les effectifs trop importants par rapport aux infrastructures rendent l\u2019environnement scolaire d\u00e9courageant et la r\u00e9ussite scolaire des \u00e9l\u00e8ves devient difficile. D\u2019autre part, du fait de l\u2019insuffisance des classes et de la discrimination n\u00e9gative faite par la priorit\u00e9 de la scolarit\u00e9 des jeunes gar\u00e7ons au lieu des jeunes filles, les jeunes filles souffrent d\u2019une v\u00e9ritable in\u00e9galit\u00e9 des chances. Le projet est destin\u00e9, d\u2019une part, \u00e0 l\u2019ensemble des \u00e9l\u00e8ves de l\u2019\u00e9cole primaire d\u2019Assahoun qui b\u00e9n\u00e9ficieront de meilleures conditions d\u2019apprentissage, d\u2019autre part aux enseignants qui verront \u00e9galement leurs conditions d\u2019enseignement am\u00e9lior\u00e9es. Mais ses r\u00e9percussions iront bien au-del\u00e0 des salles de classe. Le projet b\u00e9n\u00e9ficiera aussi \u00e0 tout le village d\u2019Assahoun car, \u00e0 long terme, la progression du niveau de l\u2019\u00e9ducation aura un impact sur la situation \u00e9conomique du village et le bien-\u00eatre de sa population. A travers ce projet, nous pourrons apporter notre contribution pour r\u00e9duire les in\u00e9galit\u00e9s d\u2019acc\u00e8s \u00e0 l\u2019\u00e9ducation.<\/div>\n<\/div>\n<div align=\"center\"><\/div>\n<\/div>\n<\/div>\n<\/div>\n<div id=\"partenaire\">\n<div class=\"fondgris\">\n<div class=\"contenu\">\n<div align=\"center\">\n<font color=\"black\">\n<h2>AHSP: NOTRE ASSOCIATION PARTENAIRE<\/h2>\n<\/font><a href=\"http:\/\/www.asso-ahsp-togo.onlc.fr\/\" target=\"_blank\" rel=\"noopener\"><img decoding=\"async\" src=\"https:\/\/www.echange-afrique-insa.fr\/wp-content\/uploads\/2016\/11\/AHSP-OK-1.jpg\" alt=\"Logo AHSP\"><\/a><\/div>\n<div style=\"text-indent: 40px\">\n<div align=\"justify\">L\u2019association AHSP avec laquelle nous avons choisi de travailler est un partenaire que l\u2019EAI conna\u00eet d\u00e9j\u00e0 depuis quelques ann\u00e9es. En effet, en 2015, la collaboration de AHSP avec l\u2019EAI a abouti \u00e0 la construction d\u2019une biblioth\u00e8que dans le village d\u2019Abobo. Apr\u00e8s 4 mois de travaux, la biblioth\u00e8que a ouvert le 7 octobre 2015. Celle-ci offre une possibilit\u00e9 d\u2019acc\u00e8s \u00e9ducatif, social et culturel aux villageois. En collaboration avec tous les partenaires du projet, un comit\u00e9 de gestion et de suivi de la biblioth\u00e8que a \u00e9t\u00e9 mis en place afin d\u2019assurer la p\u00e9rennit\u00e9 du projet. En septembre 2016, AHSP nous a fait part de la situation pr\u00e9occupante de l\u2019\u00e9cole d\u2019Assahoun et de la d\u00e9scolarisation croissante des enfants du village. Ils nous ont alors propos\u00e9 ce projet de construction de 3 salles de classe. Ce projet nous a particuli\u00e8rement touch\u00e9s car la probl\u00e9matique de l\u2019\u00e9ducation nous tient particuli\u00e8rement \u00e0 coeur. De plus, leur demande est appuy\u00e9e par le Chef d\u2019Inspection de la pr\u00e9fecture d\u2019Av\u00e9, le Chef de Canton d\u2019Assahoun, les Chefs de quartiers d\u2019Assahoun, le Comit\u00e9 de D\u00e9veloppement \u00e0 la Base, l\u2019Association des parents d\u2019\u00e9l\u00e8ves. Cela nous montre qu\u2019il y a un r\u00e9el besoin de construction de salles de classe dans le village d\u2019Assahoun.\n<\/div>\n<\/div>\n<\/div>\n<\/div>\n<\/div>\n\n\n<div class=\"wp-block-columns is-layout-flex wp-container-core-columns-is-layout-28f84493 wp-block-columns-is-layout-flex\">\n<div class=\"wp-block-column is-layout-flow wp-block-column-is-layout-flow\">\n<div class=\"video-wrapper\">\n<div class=\"video-container\"><iframe loading=\"lazy\" src=\"https:\/\/www.youtube.com\/embed\/W54m8wD_oJo\" width=\"901\" height=\"507\" frameborder=\"0\" allowfullscreen=\"allowfullscreen\"><\/iframe><\/div>\n<\/div>\n<\/div>\n\n\n\n<div class=\"wp-block-column is-layout-flow wp-block-column-is-layout-flow\">\n<iframe loading=\"lazy\" frameborder=\"0\" height=\"300px\" width=\"310px\" src=\"https:\/\/fr.ulule.com\/eai-assahoun\/widget.html\" scrolling=\"no\"><\/iframe>\n<\/div>\n<\/div>\n","protected":false},"excerpt":{"rendered":"<p>Pr\u00e9sentation 2017 Pr\u00e9sentation des membres de l\u2019\u00e9quipe de l\u2019EAI 2018: Th\u00e9o MAHE Co-pr\u00e9sident Paulin CHABOT Co-pr\u00e9sident Juliette CUBAUD-MACHEREY Communication Victor GUICHAOUA Responsable voyage C\u00e9cile CROLARD Tr\u00e9sori\u00e8re Tristan GOUIN Tr\u00e9sorier Thibault VUILLEMIN Subventions Camille HUBERT Subventions Morgane CAM Subventions Marie-Gabrielle TAUSSAT Subventions Paul SOMMERARD \u00c9v\u00e8nements Clara COLINEAUX \u00c9v\u00e8nements \u00c0 propos du\u2026 PROJET Cette ann\u00e9e, le projet [&hellip;]<\/p>\n","protected":false},"author":1,"featured_media":0,"parent":0,"menu_order":3,"comment_status":"closed","ping_status":"closed","template":"page-no-title","meta":{"footnotes":""},"class_list":["post-807","page","type-page","status-publish","hentry"],"_links":{"self":[{"href":"https:\/\/www.echange-afrique-insa.fr\/index.php\/wp-json\/wp\/v2\/pages\/807","targetHints":{"allow":["GET"]}}],"collection":[{"href":"https:\/\/www.echange-afrique-insa.fr\/index.php\/wp-json\/wp\/v2\/pages"}],"about":[{"href":"https:\/\/www.echange-afrique-insa.fr\/index.php\/wp-json\/wp\/v2\/types\/page"}],"author":[{"embeddable":true,"href":"https:\/\/www.echange-afrique-insa.fr\/index.php\/wp-json\/wp\/v2\/users\/1"}],"replies":[{"embeddable":true,"href":"https:\/\/www.echange-afrique-insa.fr\/index.php\/wp-json\/wp\/v2\/comments?post=807"}],"version-history":[{"count":0,"href":"https:\/\/www.echange-afrique-insa.fr\/index.php\/wp-json\/wp\/v2\/pages\/807\/revisions"}],"wp:attachment":[{"href":"https:\/\/www.echange-afrique-insa.fr\/index.php\/wp-json\/wp\/v2\/media?parent=807"}],"curies":[{"name":"wp","href":"https:\/\/api.w.org\/{rel}","templated":true}]}}