{"id":848,"date":"2020-11-03T14:47:51","date_gmt":"2020-11-03T13:47:51","guid":{"rendered":"http:\/\/www.echange-afrique-insa.fr\/?page_id=848"},"modified":"2026-04-21T15:43:12","modified_gmt":"2026-04-21T14:43:12","slug":"projet-2018","status":"publish","type":"page","link":"https:\/\/www.echange-afrique-insa.fr\/index.php\/projet-2018\/","title":{"rendered":"Projet 2018"},"content":{"rendered":"<!-- Frise chronologique \u2013 \u00c9change Afrique INSA -->\n<style>\n.eai-frise * { box-sizing: border-box; }\n.eai-frise {\n  font-family: -apple-system, BlinkMacSystemFont, 'Segoe UI', Roboto, Oxygen, Ubuntu, sans-serif;\n  max-width: 1100px;\n  margin: 2rem auto;\n  padding: 1rem 1.25rem;\n}\n.eai-frise-track {\n  position: relative;\n  display: flex;\n  justify-content: space-between;\n  align-items: center;\n  padding: 1rem 0.5rem 1.5rem;\n  gap: 0.25rem;\n}\n.eai-frise-track::before {\n  content: \"\";\n  position: absolute;\n  top: calc(1rem + 30px);\n  left: 5%;\n  right: 5%;\n  height: 3px;\n  background: linear-gradient(90deg, #FB923C, #EA580C, #B45309);\n  border-radius: 2px;\n  z-index: 0;\n}\n.eai-frise-year {\n  position: relative;\n  z-index: 1;\n  text-decoration: none !important;\n  display: flex;\n  flex-direction: column;\n  align-items: center;\n  gap: 0.5rem;\n  transition: transform 0.25s ease;\n  flex: 1;\n  min-width: 0;\n}\n.eai-frise-year:hover { transform: translateY(-6px); }\n.eai-frise-dot {\n  width: 60px;\n  height: 60px;\n  border-radius: 50%;\n  background: #FFFFFF;\n  border: 3px solid #EA580C;\n  display: flex;\n  align-items: center;\n  justify-content: center;\n  font-weight: 700;\n  color: #7C2D12;\n  font-size: 0.95rem;\n  box-shadow: 0 3px 10px rgba(234, 88, 12, 0.2);\n  transition: all 0.25s ease;\n}\n.eai-frise-year:hover .eai-frise-dot {\n  background: #EA580C;\n  color: #FFFFFF;\n  border-color: #7C2D12;\n  box-shadow: 0 6px 16px rgba(234, 88, 12, 0.4);\n}\n.eai-frise-label {\n  font-size: 0.8rem;\n  color: #78716C;\n  font-weight: 500;\n  text-align: center;\n  opacity: 0;\n  transform: translateY(-4px);\n  transition: all 0.25s ease;\n}\n.eai-frise-year:hover .eai-frise-label {\n  opacity: 1;\n  color: #7C2D12;\n  transform: translateY(0);\n}\n@media (max-width: 720px) {\n  .eai-frise { padding: 1rem; }\n  .eai-frise-track {\n    flex-direction: column;\n    padding: 1rem;\n    gap: 1.25rem;\n  }\n  .eai-frise-track::before {\n    left: 50%;\n    top: 2rem;\n    bottom: 2rem;\n    right: auto;\n    width: 3px;\n    height: auto;\n    background: linear-gradient(180deg, #FB923C, #EA580C, #B45309);\n    transform: translateX(-50%);\n  }\n  .eai-frise-year {\n    flex-direction: row;\n    gap: 1rem;\n    width: 100%;\n    justify-content: flex-start;\n    padding-left: 30%;\n  }\n  .eai-frise-label { opacity: 1; transform: none; }\n}\n<\/style>\n\n<div class=\"eai-frise\">\n  <div class=\"eai-frise-track\">\n    <a class=\"eai-frise-year\" href=\"\/index.php\/projet-2017\/\"><div class=\"eai-frise-dot\">2017<\/div><span class=\"eai-frise-label\">Voir \u2192<\/span><\/a>\n    <a class=\"eai-frise-year\" href=\"\/index.php\/projet-2018\/\"><div class=\"eai-frise-dot\">2018<\/div><span class=\"eai-frise-label\">Voir \u2192<\/span><\/a>\n    <a class=\"eai-frise-year\" href=\"\/index.php\/projet-2019\/\"><div class=\"eai-frise-dot\">2019<\/div><span class=\"eai-frise-label\">Voir \u2192<\/span><\/a>\n    <a class=\"eai-frise-year\" href=\"\/index.php\/projet-2020\/\"><div class=\"eai-frise-dot\">2020<\/div><span class=\"eai-frise-label\">Voir \u2192<\/span><\/a>\n    <a class=\"eai-frise-year\" href=\"\/index.php\/projet-2021\/\"><div class=\"eai-frise-dot\">2021<\/div><span class=\"eai-frise-label\">Voir \u2192<\/span><\/a>\n    <a class=\"eai-frise-year\" href=\"\/index.php\/projet-2022\/\"><div class=\"eai-frise-dot\">2022<\/div><span class=\"eai-frise-label\">Voir \u2192<\/span><\/a>\n    <a class=\"eai-frise-year\" href=\"\/index.php\/projet-2023\/\"><div class=\"eai-frise-dot\">2023<\/div><span class=\"eai-frise-label\">Voir \u2192<\/span><\/a>\n    <a class=\"eai-frise-year\" href=\"\/index.php\/projet-2024\/\"><div class=\"eai-frise-dot\">2024<\/div><span class=\"eai-frise-label\">Voir \u2192<\/span><\/a>\n    <a class=\"eai-frise-year\" href=\"\/index.php\/projet-2025\/\"><div class=\"eai-frise-dot\">2025<\/div><span class=\"eai-frise-label\">Voir \u2192<\/span><\/a>\n  <\/div>\n<\/div>\n\n<h1 class=\"about_header\"> <span style=\"color: black\">Pr\u00e9sentation 2018<\/span><\/h1>\n<div class=\"video-wrapper\">\n<div class=\"video-container\">\n<iframe loading=\"lazy\" width=\"901\" height=\"507\" src=\"https:\/\/www.youtube.com\/embed\/zm_50c8BtAg\" frameborder=\"0\" allow=\"accelerometer; autoplay; clipboard-write; encrypted-media; gyroscope; picture-in-picture\" allowfullscreen=\"\"><\/iframe>\n<\/div>\n<\/div>\n\n<div class=\"trombi\">\n\t<div align=\"center\">Pr\u00e9sentation des membres de l\u2019\u00e9quipe de l\u2019EAI 2018:<\/div>\n\t<style type=\"text\/css\">.clicface-trombi-cellule {width: 150px; background-image: -webkit-gradient(linear, 0% 0%, 0% 100%, from(), to()); border: 1px solid #ffffff !important; border-radius: 10px;}<\/style>\n\t<table class=\"clicface-trombi-table\">\n\t\t<tr>\n\t\t\t<td class=\"clicface-trombi-cellule\">\n\t\t\t\t<div class=\"clicface-trombi-vignette\">\n\t\t\t\t\t<div class=\"piklist-label-container\">\n\t\t\t\t\t\t<img loading=\"lazy\" decoding=\"async\" width=\"150\" height=\"150\" src=\"https:\/\/www.echange-afrique-insa.fr\/wp-content\/uploads\/2017\/10\/DSC_00621-1-150x150.jpg\" class=\"attachment-thumbnail size-thumbnail\" alt=\"DSC_00621\"\/>\n\t\t\t\t\t<\/div>\n\t\t\t\t\t<div>\n\t\t\t\t\t\t<div class=\"clicface-trombi-person-name\">Bleuenn BOUCICAUD<\/div>\n\t\t\t\t\t\t<div class=\"clicface-trombi-person-function\">Co-pr\u00e9sidente<\/div>\n\t\t\t\t\t\t<div class=\"clicface-trombi-person-service\"\/>\n\t\t\t\t\t<\/div>\n\t\t\t\t<\/div>\n\t\t\t<\/td>\n\t\t\t<td class=\"clicface-trombi-cellule\">\n\t\t\t\t<div class=\"clicface-trombi-vignette\">\n\t\t\t\t\t<div class=\"piklist-label-container\">\n\t\t\t\t\t\t<img loading=\"lazy\" decoding=\"async\" width=\"150\" height=\"150\" src=\"https:\/\/www.echange-afrique-insa.fr\/wp-content\/uploads\/2017\/10\/DSC_00631-1-150x150.jpg\" class=\"attachment-thumbnail size-thumbnail\" alt=\"DSC_00631\"\/>\n\t\t\t\t\t<\/div>\n\t\t\t\t\t<div>\n\t\t\t\t\t\t<div class=\"clicface-trombi-person-name\">Isabelle GUILLOU<\/div>\n\t\t\t\t\t\t<div class=\"clicface-trombi-person-function\">Co-pr\u00e9sidente<\/div>\n\t\t\t\t\t\t<div class=\"clicface-trombi-person-service\"\/>\n\t\t\t\t\t<\/div>\n\t\t\t\t<\/div>\n\t\t\t<\/td>\n\t\t\t<td class=\"clicface-trombi-cellule\">\n\t\t\t\t<div class=\"clicface-trombi-vignette\">\n\t\t\t\t\t<div class=\"piklist-label-container\">\n\t\t\t\t\t\t<img loading=\"lazy\" decoding=\"async\" width=\"150\" height=\"150\" src=\"https:\/\/www.echange-afrique-insa.fr\/wp-content\/uploads\/2017\/10\/DSC_00341-1-150x150.jpg\" class=\"attachment-thumbnail size-thumbnail\" alt=\"DSC_00341\"\/>\n\t\t\t\t\t<\/div>\n\t\t\t\t\t<div>\n\t\t\t\t\t\t<div class=\"clicface-trombi-person-name\">Lucile  FOIRET<\/div>\n\t\t\t\t\t\t<div class=\"clicface-trombi-person-function\">Communication<\/div>\n\t\t\t\t\t\t<div class=\"clicface-trombi-person-service\"\/>\n\t\t\t\t\t<\/div>\n\t\t\t\t<\/div>\n\t\t\t<\/td>\n\t\t\t<td class=\"clicface-trombi-cellule\">\n\t\t\t\t<div class=\"clicface-trombi-vignette\">\n\t\t\t\t\t<div class=\"piklist-label-container\">\n\t\t\t\t\t\t<img loading=\"lazy\" decoding=\"async\" width=\"150\" height=\"150\" src=\"https:\/\/www.echange-afrique-insa.fr\/wp-content\/uploads\/2017\/10\/IM_00361-150x150.jpg\" class=\"attachment-thumbnail size-thumbnail\" alt=\"IM_00361\"\/>\n\t\t\t\t\t<\/div>\n\t\t\t\t\t<div>\n\t\t\t\t\t\t<div class=\"clicface-trombi-person-name\">Pierre MOREL<\/div>\n\t\t\t\t\t\t<div class=\"clicface-trombi-person-function\">Responsable voyage<\/div>\n\t\t\t\t\t\t<div class=\"clicface-trombi-person-service\"\/>\n\t\t\t\t\t<\/div>\n\t\t\t\t<\/div>\n\t\t\t<\/td>\n\t\t\t<td class=\"clicface-trombi-cellule\">\n\t\t\t\t<div class=\"clicface-trombi-vignette\">\n\t\t\t\t\t<div class=\"piklist-label-container\">\n\t\t\t\t\t\t<img loading=\"lazy\" decoding=\"async\" width=\"150\" height=\"150\" src=\"https:\/\/www.echange-afrique-insa.fr\/wp-content\/uploads\/2017\/10\/DSC_00471-150x150.jpg\" class=\"attachment-thumbnail size-thumbnail\" alt=\"DSC_00471\" srcset=\"https:\/\/www.echange-afrique-insa.fr\/wp-content\/uploads\/2017\/10\/DSC_00471-150x150.jpg 150w, https:\/\/www.echange-afrique-insa.fr\/wp-content\/uploads\/2017\/10\/DSC_00471-300x300.jpg 300w, https:\/\/www.echange-afrique-insa.fr\/wp-content\/uploads\/2017\/10\/DSC_00471-768x768.jpg 768w, https:\/\/www.echange-afrique-insa.fr\/wp-content\/uploads\/2017\/10\/DSC_00471-1024x1024.jpg 1024w\" sizes=\"auto, (max-width: 150px) 100vw, 150px\"\/>\n\t\t\t\t\t<\/div>\n\t\t\t\t\t<div>\n\t\t\t\t\t\t<div class=\"clicface-trombi-person-name\">Sarah SIMONNET<\/div>\n\t\t\t\t\t\t<div class=\"clicface-trombi-person-function\">Tr\u00e9sori\u00e8re<\/div>\n\t\t\t\t\t\t<div class=\"clicface-trombi-person-service\"\/>\n\t\t\t\t\t<\/div>\n\t\t\t\t<\/div>\n\t\t\t<\/td>\n\t\t\t<td class=\"clicface-trombi-cellule\">\n\t\t\t\t<div class=\"clicface-trombi-vignette\">\n\t\t\t\t\t<div class=\"piklist-label-container\">\n\t\t\t\t\t\t<img loading=\"lazy\" decoding=\"async\" width=\"150\" height=\"150\" src=\"https:\/\/www.echange-afrique-insa.fr\/wp-content\/uploads\/2017\/10\/IM_00851-1-150x150.jpg\" class=\"attachment-thumbnail size-thumbnail\" alt=\"IM_00851\"\/>\n\t\t\t\t\t<\/div>\n\t\t\t\t\t<div>\n\t\t\t\t\t\t<div class=\"clicface-trombi-person-name\">Romane DUBIN<\/div>\n\t\t\t\t\t\t<div class=\"clicface-trombi-person-function\">Tr\u00e9sori\u00e8re<\/div>\n\t\t\t\t\t\t<div class=\"clicface-trombi-person-service\"\/>\n\t\t\t\t\t<\/div>\n\t\t\t\t<\/div>\n\t\t\t<\/td>\n\t\t<\/tr>\n\t\t<tr>\n\t\t\t<td class=\"clicface-trombi-cellule\">\n\t\t\t\t<div class=\"clicface-trombi-vignette\">\n\t\t\t\t\t<div class=\"piklist-label-container\">\n\t\t\t\t\t\t<img loading=\"lazy\" decoding=\"async\" width=\"150\" height=\"150\" src=\"https:\/\/www.echange-afrique-insa.fr\/wp-content\/uploads\/2017\/10\/IM_00801-1-150x150.jpg\" class=\"attachment-thumbnail size-thumbnail\" alt=\"IM_00801\"\/>\n\t\t\t\t\t<\/div>\n\t\t\t\t\t<div>\n\t\t\t\t\t\t<div class=\"clicface-trombi-person-name\">J\u00e9rome DARROUX<\/div>\n\t\t\t\t\t\t<div class=\"clicface-trombi-person-function\">Subventions<\/div>\n\t\t\t\t\t\t<div class=\"clicface-trombi-person-service\"\/>\n\t\t\t\t\t<\/div>\n\t\t\t\t<\/div>\n\t\t\t<\/td>\n\t\t\t<td class=\"clicface-trombi-cellule\">\n\t\t\t\t<div class=\"clicface-trombi-vignette\">\n\t\t\t\t\t<div class=\"piklist-label-container\">\n\t\t\t\t\t\t<img loading=\"lazy\" decoding=\"async\" width=\"150\" height=\"150\" src=\"https:\/\/www.echange-afrique-insa.fr\/wp-content\/uploads\/2017\/10\/DSC_00711-150x150.jpg\" class=\"attachment-thumbnail size-thumbnail\" alt=\"DSC_00711\"\/>\n\t\t\t\t\t<\/div>\n\t\t\t\t\t<div>\n\t\t\t\t\t\t<div class=\"clicface-trombi-person-name\">C\u00e9line ORHAN<\/div>\n\t\t\t\t\t\t<div class=\"clicface-trombi-person-function\">Subventions<\/div>\n\t\t\t\t\t\t<div class=\"clicface-trombi-person-service\"\/>\n\t\t\t\t\t<\/div>\n\t\t\t\t<\/div>\n\t\t\t<\/td>\n\t\t\t<td class=\"clicface-trombi-cellule\">\n\t\t\t\t<div class=\"clicface-trombi-vignette\">\n\t\t\t\t\t<div class=\"piklist-label-container\">\n\t\t\t\t\t\t<img loading=\"lazy\" decoding=\"async\" width=\"150\" height=\"150\" src=\"https:\/\/www.echange-afrique-insa.fr\/wp-content\/uploads\/2017\/10\/98_00571-150x150.jpg\" class=\"attachment-thumbnail size-thumbnail\" alt=\"98_00571\"\/>\n\t\t\t\t\t<\/div>\n\t\t\t\t\t<div>\n\t\t\t\t\t\t<div class=\"clicface-trombi-person-name\">Linh Aurore LE BRAS<\/div>\n\t\t\t\t\t\t<div class=\"clicface-trombi-person-function\">Subventions<\/div>\n\t\t\t\t\t\t<div class=\"clicface-trombi-person-service\"\/>\n\t\t\t\t\t<\/div>\n\t\t\t\t<\/div>\n\t\t\t<\/td>\n\t\t\t<td class=\"clicface-trombi-cellule\">\n\t\t\t\t<div class=\"clicface-trombi-vignette\">\n\t\t\t\t\t<div class=\"piklist-label-container\">\n\t\t\t\t\t\t<img loading=\"lazy\" decoding=\"async\" width=\"150\" height=\"150\" src=\"https:\/\/www.echange-afrique-insa.fr\/wp-content\/uploads\/2017\/10\/IM_00691-150x150.jpg\" class=\"attachment-thumbnail size-thumbnail\" alt=\"IM_00691\"\/>\n\t\t\t\t\t<\/div>\n\t\t\t\t\t<div>\n\t\t\t\t\t\t<div class=\"clicface-trombi-person-name\">Manu  DAYRES<\/div>\n\t\t\t\t\t\t<div class=\"clicface-trombi-person-function\">Subventions<\/div>\n\t\t\t\t\t\t<div class=\"clicface-trombi-person-service\"\/>\n\t\t\t\t\t<\/div>\n\t\t\t\t<\/div>\n\t\t\t<\/td>\n\t\t\t<td class=\"clicface-trombi-cellule\">\n\t\t\t\t<div class=\"clicface-trombi-vignette\">\n\t\t\t\t\t<div class=\"piklist-label-container\">\n\t\t\t\t\t\t<img loading=\"lazy\" decoding=\"async\" width=\"150\" height=\"150\" src=\"https:\/\/www.echange-afrique-insa.fr\/wp-content\/uploads\/2017\/10\/DSC_00781-150x150.jpg\" class=\"attachment-thumbnail size-thumbnail\" alt=\"DSC_00781\"\/>\n\t\t\t\t\t<\/div>\n\t\t\t\t\t<div>\n\t\t\t\t\t\t<div class=\"clicface-trombi-person-name\">Armand FONTES<\/div>\n\t\t\t\t\t\t<div class=\"clicface-trombi-person-function\">\u00c9v\u00e8nements<\/div>\n\t\t\t\t\t\t<div class=\"clicface-trombi-person-service\"\/>\n\t\t\t\t\t<\/div>\n\t\t\t\t<\/div>\n\t\t\t<\/td>\n\t\t\t<td class=\"clicface-trombi-cellule\">\n\t\t\t\t<div class=\"clicface-trombi-vignette\">\n\t\t\t\t\t<div class=\"piklist-label-container\">\n\t\t\t\t\t\t<img loading=\"lazy\" decoding=\"async\" width=\"150\" height=\"150\" src=\"https:\/\/www.echange-afrique-insa.fr\/wp-content\/uploads\/2017\/10\/IM_00751-150x150.jpg\" class=\"attachment-thumbnail size-thumbnail\" alt=\"IM_00751\"\/>\n\t\t\t\t\t<\/div>\n\t\t\t\t\t<div>\n\t\t\t\t\t\t<div class=\"clicface-trombi-person-name\">Quentin CERUTI<\/div>\n\t\t\t\t\t\t<div class=\"clicface-trombi-person-function\">\u00c9v\u00e8nements<\/div>\n\t\t\t\t\t\t<div class=\"clicface-trombi-person-service\"\/>\n\t\t\t\t\t<\/div>\n\t\t\t\t<\/div>\n\t\t\t<\/td>\n\t\t<\/tr>\n\t<\/table>\n<\/div>\n<div id=\"projet\">\n\t<div class=\"contenu\">\n\t\t<div align=\"center\">\n\t\t\t<span class=\"about_pre\">\u00c0 propos du\u2026<\/span>\n\t\t\t<br\/>\n\t\t\t<h1 class=\"about_header\">\n\t\t\t\t<span style=\"color: black\">PROJET<\/span>\n\t\t\t<\/h1>\n\t\t\t<p>\n\t\t\t\t<!--PUCE DE SEPARATION-->\n\t\t\t\t<div class=\"optimizer_divider\"> <\/div>\n\t\t\t\t<div style=\"text-indent: 40px\">\n\t\t\t\t\t<div align=\"justify\">Cette ann\u00e9e, notre projet, consiste en la construction d\u2019une savonnerie et d\u2019un moulin \u00e0 karit\u00e9. Ce projet \u00e0 pour but de \u00e0 participer au d\u00e9veloppement du centre du groupement f\u00e9minin de Goundi-Zoula, au Burkina Faso. Dans cette r\u00e9gion, l\u2019acc\u00e8s \u00e0 l\u2019\u00e9ducation est compliqu\u00e9, surtout pour les femmes, si bien que tr\u00e8s peu d\u2019entre elles obtiennent leur certificat d\u2019\u00e9tudes primaires. Le centre des femmes de Goundi-Zoula vise \u00e0 lutter contre ce probl\u00e8me. Le centre fonctionne autour d\u2019un syst\u00e8me de microcr\u00e9dit. Les femmes re\u00e7oivent un pr\u00eat sans int\u00e9r\u00eats, qu\u2019elles remboursent avec la production et la vente de savon qu\u2019elles r\u00e9alisent. Ainsi l\u2019\u00e9ducation est gratuite. En contrepartie, les femmes sont dans l\u2019obligation de scolariser leurs enfants. Pour aider au d\u00e9veloppement du centre, nous allons participer et financer la construction de nouvelles infrastructures, attendues et souhait\u00e9es depuis longtemps par les membres du centre : la r\u00e9alisation d\u2019une savonnerie et d\u2019un moulin pour moudre le karit\u00e9 (\u00e9l\u00e9ment essentiel dans la r\u00e9alisation des savons). Le savon est actuellement r\u00e9alis\u00e9 dans la salle d\u2019alphab\u00e9tisation, ainsi le projet permettra \u00e9galement d\u2019am\u00e9liorer les conditions d\u2019enseignement, et \u00e0 terme d\u2019accueillir plus d\u2019\u00e9l\u00e8ves. La r\u00e9alisation de latrines s\u00e8ches permettra \u00e9galement d\u2019assurer la protection de l\u2019environnement et de bonnes conditions d\u2019hygi\u00e8ne. A travers ce projet, nous pourrons apporter notre contribution pour r\u00e9duire les in\u00e9galit\u00e9s d\u2019acc\u00e8s \u00e0 l\u2019\u00e9ducation.<\/div>\n\t\t\t\t<\/div>\n\t\t\t\t<div align=\"center\"> <\/div>\n\t\t\t<\/p>\n\t\t<\/div>\n\t<\/div>\n\t<div id=\"partenaire\">\n\t\t<div class=\"fondgris\">\n\t\t\t<div class=\"contenu\">\n\t\t\t\t<div align=\"center\">\n\t\t\t\t\t<h2>AFIDESA: NOTRE ASSOCIATION PARTENAIRE<\/h2>\n\t\t\t\t\t<h2> <\/h2>\n\t\t\t\t<\/div>\n\t\t\t\t<div style=\"text-indent: 40px\">\n\t\t\t\t\t<div align=\"justify\">L\u2019association AFIDESA, Action finist\u00e9rienne pour le d\u00e9veloppement du Sangui\u00e9 est l\u2019association avec laquelle nous avons d\u00e9cid\u00e9 de travailler cette ann\u00e9e. AFIDESA est un association cr\u00e9\u00e9e en 1980 qui affirme sa volont\u00e9 de soutenir des r\u00e9alisations concr\u00e8tes pour l\u2019\u00e9panouissement des populations de cette province situ\u00e9 dans la r\u00e9gion centre Ouest du Burkina Faso. L\u2019AFIDESA agit aussi bien au Burkina Faso qu\u2019en terre Finisterienne et s\u2019est donn\u00e9 les missions parall\u00e8les suivantes: Faire tout son possible pour contribuer au d\u00e9veloppement de la province du Sangui\u00e9 Mener des rencontres afin d\u2019\u00e9duquer au d\u00e9veloppement et \u00e0 la solidarit\u00e9 internationale les habitants du Finist\u00e8re, notamment les \u00e9l\u00e8ves de l\u2019enseignement primaire et secondaire. L\u2019association s\u2019est d\u2019abord \u00e9tabli le 7 juillet 1980 sous le titre \u00ab Comit\u00e9 Aide Internationale contre la Faim \u00bb de l\u2019arrondissement de Morlaix (Nord Finist\u00e8re). Elle se ref\u00e8re au statut donn\u00e9 par la loi du 1er juillet 1901 et le d\u00e9cret du 16 ao\u00fbt 1901. En avril 1984, les groupe de Plomeur, dans le Sud Finist\u00e8re, et celui de Morlaix fusionnent et l\u2019association prend le nom d\u2019AICF Morlaix-Plomeur. En avril 1997, l\u2019association prend le nom d\u2019AFIDESA Morlaix-Plomeur. En effet, pour des raison administratives AICF Paris n\u2019\u00e9tait plus libre de ses choix et aurait d\u00fb arr\u00eater le parrainage de la province du Sangui\u00e9 ainsi que toutes les actions r\u00e9alis\u00e9es dans cette r\u00e9gion du Burkina Fase. A cause de cela, l\u2019association a pris la decision de se s\u00e9parer d\u2019AICF. De ce fait, depuis 2010, l\u2019AFIDESA tel que nous la connaissons aujourd\u2019hui est localis\u00e9 uniquement \u00e0 Plomeur.<\/div>\n\t\t\t\t<\/div>\n\t\t\t<\/div>\n\t\t<\/div>\n\t<\/div>\n<\/div>\n\n\n<div class=\"wp-block-columns is-layout-flex wp-container-core-columns-is-layout-28f84493 wp-block-columns-is-layout-flex\">\n<div class=\"wp-block-column is-layout-flow wp-block-column-is-layout-flow\">\n<div class=\"video-wrapper\">\n<div class=\"video-container\">\n<iframe loading=\"lazy\" width=\"901\" height=\"507\" src=\"https:\/\/www.youtube.com\/embed\/DhHxqPBXumU\" frameborder=\"0\" allow=\"accelerometer; autoplay; clipboard-write; encrypted-media; gyroscope; picture-in-picture\" allowfullscreen=\"\"><\/iframe>\n<\/div>\n<\/div>\n<\/div>\n\n\n\n<div class=\"wp-block-column is-layout-flow wp-block-column-is-layout-flow\">\n<iframe loading=\"lazy\" frameborder=\"0\" height=\"300px\" width=\"310px\" src=\"https:\/\/fr.ulule.com\/savon-pour-alphabetisation\/widget.html\" scrolling=\"no\"><\/iframe>\n<\/div>\n<\/div>\n\n\n\n<p><\/p>\n","protected":false},"excerpt":{"rendered":"<p>Pr\u00e9sentation 2018 Pr\u00e9sentation des membres de l\u2019\u00e9quipe de l\u2019EAI 2018: Bleuenn BOUCICAUD Co-pr\u00e9sidente Isabelle GUILLOU Co-pr\u00e9sidente Lucile FOIRET Communication Pierre MOREL Responsable voyage Sarah SIMONNET Tr\u00e9sori\u00e8re Romane DUBIN Tr\u00e9sori\u00e8re J\u00e9rome DARROUX Subventions C\u00e9line ORHAN Subventions Linh Aurore LE BRAS Subventions Manu DAYRES Subventions Armand FONTES \u00c9v\u00e8nements Quentin CERUTI \u00c9v\u00e8nements \u00c0 propos du\u2026 PROJET Cette ann\u00e9e, [&hellip;]<\/p>\n","protected":false},"author":1,"featured_media":0,"parent":0,"menu_order":2,"comment_status":"closed","ping_status":"closed","template":"page-no-title","meta":{"footnotes":""},"class_list":["post-848","page","type-page","status-publish","hentry"],"_links":{"self":[{"href":"https:\/\/www.echange-afrique-insa.fr\/index.php\/wp-json\/wp\/v2\/pages\/848","targetHints":{"allow":["GET"]}}],"collection":[{"href":"https:\/\/www.echange-afrique-insa.fr\/index.php\/wp-json\/wp\/v2\/pages"}],"about":[{"href":"https:\/\/www.echange-afrique-insa.fr\/index.php\/wp-json\/wp\/v2\/types\/page"}],"author":[{"embeddable":true,"href":"https:\/\/www.echange-afrique-insa.fr\/index.php\/wp-json\/wp\/v2\/users\/1"}],"replies":[{"embeddable":true,"href":"https:\/\/www.echange-afrique-insa.fr\/index.php\/wp-json\/wp\/v2\/comments?post=848"}],"version-history":[{"count":0,"href":"https:\/\/www.echange-afrique-insa.fr\/index.php\/wp-json\/wp\/v2\/pages\/848\/revisions"}],"wp:attachment":[{"href":"https:\/\/www.echange-afrique-insa.fr\/index.php\/wp-json\/wp\/v2\/media?parent=848"}],"curies":[{"name":"wp","href":"https:\/\/api.w.org\/{rel}","templated":true}]}}